{"id":137,"date":"2021-11-02T15:25:26","date_gmt":"2021-11-02T15:25:26","guid":{"rendered":"https:\/\/reslog.pl\/et\/?page_id=137"},"modified":"2021-11-02T15:25:26","modified_gmt":"2021-11-02T15:25:26","slug":"historia","status":"publish","type":"page","link":"https:\/\/reslog.pl\/et\/?page_id=137","title":{"rendered":"Historia"},"content":{"rendered":"\n<p>&nbsp;Za\u0142o\u017cone w 1977 przedsi\u0119biorstwo transportowe prowadzi us\u0142ugi w zakresie przewozu towar\u00f3w samochodami ci\u0119\u017carowymi na terenie Polski oraz kraj\u00f3w Europy. Przedsi\u0119biorstwo dysponuje nowoczesnym parkiem samochodowym, zapleczem technicznym oraz kadr\u0105 wykwalifikowanych pracownik\u00f3w.<\/p>\n\n\n\n<p>&nbsp;&nbsp;&nbsp;&nbsp;&nbsp;&nbsp;Pojazdy nale\u017c\u0105ce do firmy spe\u0142niaj\u0105 ostre normy techniczne i ekologiczne Unii Europejskiej. Ka\u017cdy samoch\u00f3d obs\u0142ugiwany jest przez do\u015bwiadczonego i kompetentnego kierowc\u0119. Dysponujemy samochodami o r\u00f3\u017cnej kubaturze i \u0142adowno\u015bci.<\/p>\n\n\n\n<p>&nbsp;&nbsp;&nbsp;&nbsp;&nbsp;&nbsp;Zaplecze samochodowe obejmuje:<\/p>\n\n\n\n<p>\u02d8\u00a0\u00a0\u00a0\u00a0\u00a0\u00a0 samochody ci\u0119\u017carowe z naczepami typu firanka o \u0142adowno\u015bci 24t<br>\u02d8\u00a0\u00a0\u00a0\u00a0\u00a0\u00a0 samochody ci\u0119\u017carowe o \u0142adowno\u015bci do 6t<br>\u02d8\u00a0\u00a0\u00a0\u00a0\u00a0\u00a0 samochody ci\u0119\u017carowe o \u0142adowno\u015bci do 3,5t<br>\u02d8\u00a0\u00a0\u00a0\u00a0\u00a0\u00a0 samochody samowy\u0142adowcze<\/p>\n\n\n\n<p>&nbsp;&nbsp;&nbsp;&nbsp;&nbsp;&nbsp;Ponad trzydziestoletnie do\u015bwiadczenie w bran\u017cy transportowej, nowoczesny park samochodowy, kadra wykwalifikowanych kierowc\u00f3w, pracownik\u00f3w logistycznych oraz profesjonalnie wykonywane us\u0142ugi, polegaj\u0105ce na terminowych dostawach stanowi\u0105 niepodwa\u017calne atuty naszego przedsi\u0119biorstwa.<\/p>\n\n\n\n<p><strong>Zapraszamy do wsp\u00f3\u0142pracy.<\/strong><\/p>\n","protected":false},"excerpt":{"rendered":"<p>&nbsp;Za\u0142o\u017cone w 1977 przedsi\u0119biorstwo transportowe prowadzi us\u0142ugi w zakresie przewozu towar\u00f3w samochodami ci\u0119\u017carowymi na terenie Polski oraz kraj\u00f3w Europy. Przedsi\u0119biorstwo dysponuje nowoczesnym parkiem samochodowym, zapleczem technicznym oraz kadr\u0105 wykwalifikowanych pracownik\u00f3w. &nbsp;&nbsp;&nbsp;&nbsp;&nbsp;&nbsp;Pojazdy nale\u017c\u0105ce do firmy spe\u0142niaj\u0105 ostre normy techniczne i ekologiczne Unii Europejskiej. Ka\u017cdy samoch\u00f3d obs\u0142ugiwany jest przez do\u015bwiadczonego i kompetentnego kierowc\u0119. Dysponujemy samochodami o r\u00f3\u017cnej [&hellip;]<\/p>\n","protected":false},"author":1,"featured_media":0,"parent":0,"menu_order":0,"comment_status":"closed","ping_status":"closed","template":"","meta":{"footnotes":""},"class_list":["post-137","page","type-page","status-publish","hentry"],"jetpack_sharing_enabled":true,"_links":{"self":[{"href":"https:\/\/reslog.pl\/et\/index.php?rest_route=\/wp\/v2\/pages\/137","targetHints":{"allow":["GET"]}}],"collection":[{"href":"https:\/\/reslog.pl\/et\/index.php?rest_route=\/wp\/v2\/pages"}],"about":[{"href":"https:\/\/reslog.pl\/et\/index.php?rest_route=\/wp\/v2\/types\/page"}],"author":[{"embeddable":true,"href":"https:\/\/reslog.pl\/et\/index.php?rest_route=\/wp\/v2\/users\/1"}],"replies":[{"embeddable":true,"href":"https:\/\/reslog.pl\/et\/index.php?rest_route=%2Fwp%2Fv2%2Fcomments&post=137"}],"version-history":[{"count":1,"href":"https:\/\/reslog.pl\/et\/index.php?rest_route=\/wp\/v2\/pages\/137\/revisions"}],"predecessor-version":[{"id":138,"href":"https:\/\/reslog.pl\/et\/index.php?rest_route=\/wp\/v2\/pages\/137\/revisions\/138"}],"wp:attachment":[{"href":"https:\/\/reslog.pl\/et\/index.php?rest_route=%2Fwp%2Fv2%2Fmedia&parent=137"}],"curies":[{"name":"wp","href":"https:\/\/api.w.org\/{rel}","templated":true}]}}